{"id":121,"date":"2016-02-25T10:22:09","date_gmt":"2016-02-25T13:22:31","guid":{"rendered":"http:\/\/216.172.173.38\/~floresta\/transparencia\/?page_id=121"},"modified":"2025-03-18T14:54:28","modified_gmt":"2025-03-18T17:54:28","slug":"home","status":"publish","type":"page","link":"https:\/\/florestan.org.br\/transparencia\/","title":{"rendered":"Institucional"},"content":{"rendered":"\n<figure class=\"wp-block-image\"><img loading=\"lazy\" decoding=\"async\" width=\"1500\" height=\"578\" src=\"https:\/\/florestan.org.br\/transparencia\/wp-content\/uploads\/2016\/02\/fundacao-transparencia.png\" alt=\"fundacao-transparencia\" class=\"wp-image-687\" srcset=\"https:\/\/florestan.org.br\/transparencia\/wp-content\/uploads\/2016\/02\/fundacao-transparencia.png 1500w, https:\/\/florestan.org.br\/transparencia\/wp-content\/uploads\/2016\/02\/fundacao-transparencia-300x116.png 300w, https:\/\/florestan.org.br\/transparencia\/wp-content\/uploads\/2016\/02\/fundacao-transparencia-768x296.png 768w, https:\/\/florestan.org.br\/transparencia\/wp-content\/uploads\/2016\/02\/fundacao-transparencia-1024x395.png 1024w, https:\/\/florestan.org.br\/transparencia\/wp-content\/uploads\/2016\/02\/fundacao-transparencia-720x277.png 720w\" sizes=\"auto, (max-width: 1500px) 100vw, 1500px\" \/><\/figure>\n\n\n\n<p><\/p>\n\n\n\n<p>Orientado pela miss\u00e3o de promover cada vez mais a transpar\u00eancia dos gastos p\u00fablicos, o Governo Federal tem atuado firmemente no sentido de incentivar o controle social para que as pr\u00e1ticas da administra\u00e7\u00e3o p\u00fablica sejam pautadas pela legalidade e pela \u00e9tica. A participa\u00e7\u00e3o ativa da sociedade \u00e9 imprescind\u00edvel para garantir o bom uso dos recursos p\u00fablicos.<\/p>\n\n\n\n<p>Dessa forma, em cumprimento \u00e0 determina\u00e7\u00e3o expressa no Decreto n\u00ba 5.482, de 30 de junho de 2005, e na Portaria Interministerial n\u00ba 140, de 16 de mar\u00e7o de 2006, que disp\u00f5em sobre a divulga\u00e7\u00e3o de dados e informa\u00e7\u00f5es pelos \u00f3rg\u00e3os e entidades da Administra\u00e7\u00e3o P\u00fablica na Internet, a Florestan disponibiliza aos cidad\u00e3os a p\u00e1gina de Transpar\u00eancia P\u00fablica, ampliando ainda mais as condi\u00e7\u00f5es de conhecimento e controle do uso dos recursos gerados pelo pagamento dos impostos.<\/p>\n\n\n\n<p>As p\u00e1ginas de Transpar\u00eancia P\u00fablica apresentam os dados referentes \u00e0s despesas realizadas pelos \u00f3rg\u00e3os e entidades da Administra\u00e7\u00e3o P\u00fablica com informa\u00e7\u00f5es sobre execu\u00e7\u00e3o or\u00e7ament\u00e1ria, licita\u00e7\u00f5es, contrata\u00e7\u00f5es, conv\u00eanios, di\u00e1rias e passagens. As informa\u00e7\u00f5es s\u00e3o apresentadas de forma clara e f\u00e1cil, permanentemente atualizadas.<\/p>\n\n\n\n<p>A p\u00e1gina de Transpar\u00eancia P\u00fablica d\u00e3o continuidade \u00e0s a\u00e7\u00f5es de governo voltadas para o incremento do controle social e complementam as informa\u00e7\u00f5es dispon\u00edveis no <a href=\"http:\/\/www.portaltransparencia.gov.br\/\">Portal da Transpar\u00eancia.<\/a><\/p>\n\n\n\n<p>A informa\u00e7\u00e3o que n\u00e3o estiver dispon\u00edvel no Portal da Transpar\u00eancia pode ser solicitada pelo formul\u00e1rio de <a href=\"https:\/\/florestan.org.br\/transparencia\/acesso-a-informacao\/\">Acesso \u00e0 Informa\u00e7\u00e3o<\/a>.<\/p>\n","protected":false},"excerpt":{"rendered":"<p>Orientado pela miss\u00e3o de promover cada vez mais a transpar\u00eancia dos gastos p\u00fablicos, [&hellip;]<\/p>\n","protected":false},"author":1,"featured_media":0,"parent":0,"menu_order":2,"comment_status":"closed","ping_status":"closed","template":"","meta":{"footnotes":""},"class_list":["post-121","page","type-page","status-publish","hentry"],"_links":{"self":[{"href":"https:\/\/florestan.org.br\/transparencia\/wp-json\/wp\/v2\/pages\/121","targetHints":{"allow":["GET"]}}],"collection":[{"href":"https:\/\/florestan.org.br\/transparencia\/wp-json\/wp\/v2\/pages"}],"about":[{"href":"https:\/\/florestan.org.br\/transparencia\/wp-json\/wp\/v2\/types\/page"}],"author":[{"embeddable":true,"href":"https:\/\/florestan.org.br\/transparencia\/wp-json\/wp\/v2\/users\/1"}],"replies":[{"embeddable":true,"href":"https:\/\/florestan.org.br\/transparencia\/wp-json\/wp\/v2\/comments?post=121"}],"version-history":[{"count":6,"href":"https:\/\/florestan.org.br\/transparencia\/wp-json\/wp\/v2\/pages\/121\/revisions"}],"predecessor-version":[{"id":1075,"href":"https:\/\/florestan.org.br\/transparencia\/wp-json\/wp\/v2\/pages\/121\/revisions\/1075"}],"wp:attachment":[{"href":"https:\/\/florestan.org.br\/transparencia\/wp-json\/wp\/v2\/media?parent=121"}],"curies":[{"name":"wp","href":"https:\/\/api.w.org\/{rel}","templated":true}]}}